{"id":652,"date":"2019-08-27T10:10:23","date_gmt":"2019-08-27T08:10:23","guid":{"rendered":"http:\/\/www.tridentservice.com\/?page_id=652"},"modified":"2019-12-10T10:47:19","modified_gmt":"2019-12-10T09:47:19","slug":"plan-du-site","status":"publish","type":"page","link":"https:\/\/www.tridentservice.com\/en\/plan-du-site\/","title":{"rendered":"Sitemap"},"content":{"rendered":"<p><div class=\"fusion-fullwidth fullwidth-box fusion-builder-row-2 nonhundred-percent-fullwidth non-hundred-percent-height-scrolling\" style=\"background-color: rgba(255,255,255,0);background-position: center center;background-repeat: no-repeat;padding-top:3%;padding-right:3%;padding-bottom:3%;padding-left:3%;margin-bottom: 25px;margin-top: 25px;border-width: 0px 0px 0px 0px;border-color:#eae9e9;border-style:solid;\" ><div class=\"fusion-builder-row fusion-row\"><div class=\"fusion-layout-column fusion_builder_column fusion-builder-column-1 fusion_builder_column_1_1 1_1 fusion-one-full fusion-column-first fusion-column-last\" style=\"margin-top:0px;margin-bottom:0px;\"><div class=\"fusion-column-wrapper fusion-flex-column-wrapper-legacy\" style=\"background-position:left top;background-repeat:no-repeat;-webkit-background-size:cover;-moz-background-size:cover;-o-background-size:cover;background-size:cover;padding: 0px 0px 0px 0px;\"><div class=\"fusion-builder-row fusion-builder-row-inner fusion-row\"><div class=\"fusion-layout-column fusion_builder_column_inner fusion-builder-nested-column-2 fusion_builder_column_inner_1_2 1_2 fusion-one-half fusion-column-first\" style=\"width:50%;width:calc(50% - ( ( 4% ) * 0.5 ) );margin-right: 4%;margin-top:0px;margin-bottom:0px;\"><div class=\"fusion-column-wrapper fusion-flex-column-wrapper-legacy\" style=\"background-position:left top;background-repeat:no-repeat;-webkit-background-size:cover;-moz-background-size:cover;-o-background-size:cover;background-size:cover;padding: 0px 0px 0px 0px;\"><div class=\"fusion-text fusion-text-3\" style=\"transform:translate3d(0,0,0);\"><h2>List of pages of the site<\/h2>\n<\/div><div class=\"fusion-widget-area fusion-widget-area-2 fusion-content-widget-area\"><style type=\"text\/css\">.fusion-widget-area-2 {padding:2% 2% 2% 2%;}.fusion-widget-area-2 .widget h4 {color:#4c5166;}.fusion-widget-area-2 .widget .heading h4 {color:#4c5166;}.fusion-widget-area-2 .widget h4 {font-size:24px;}.fusion-widget-area-2 .widget .heading h4 {font-size:24px;}<\/style><section id=\"nav_menu-7\" class=\"fusion-slidingbar-widget-column widget widget_nav_menu\"><div class=\"menu-menu-plan-du-site-container\"><ul id=\"menu-menu-plan-du-site-1\" class=\"menu\"><li class=\"menu-item menu-item-type-post_type menu-item-object-page menu-item-home menu-item-1823\"><a href=\"https:\/\/www.tridentservice.com\/en\/\">Home<\/a><\/li>\n<li class=\"menu-item menu-item-type-post_type menu-item-object-page menu-item-1825\"><a href=\"https:\/\/www.tridentservice.com\/en\/presentation-notre-adn\/\">Our DNA<\/a><\/li>\n<li class=\"menu-item menu-item-type-post_type menu-item-object-page menu-item-1827\"><a href=\"https:\/\/www.tridentservice.com\/en\/etudes-conseil\/\">Consulting<\/a><\/li>\n<li class=\"menu-item menu-item-type-post_type menu-item-object-page menu-item-1826\"><a href=\"https:\/\/www.tridentservice.com\/en\/audits\/\">Audit<\/a><\/li>\n<li class=\"menu-item menu-item-type-post_type menu-item-object-page menu-item-1839\"><a title=\"Projets management\" href=\"https:\/\/www.tridentservice.com\/en\/maitrise-oeuvre\/\">Projets management<\/a><\/li>\n<li class=\"menu-item menu-item-type-post_type menu-item-object-page menu-item-1841\"><a href=\"https:\/\/www.tridentservice.com\/en\/realisations\/\">Works<\/a><\/li>\n<li class=\"menu-item menu-item-type-post_type menu-item-object-page menu-item-1824\"><a href=\"https:\/\/www.tridentservice.com\/en\/contact\/\">Contact &#038; locations<\/a><\/li>\n<li class=\"menu-item menu-item-type-post_type menu-item-object-page menu-item-1840\"><a href=\"https:\/\/www.tridentservice.com\/en\/mentions-legales\/\">Legal notice<\/a><\/li>\n<li class=\"menu-item menu-item-type-custom menu-item-object-custom menu-item-2070\"><a title=\"Trident Platform\" href=\"https:\/\/www.omnispace.fr\/tridentservice\/\">Trident Platform<\/a><\/li>\n<\/ul><\/div><div style=\"clear:both;\"><\/div><\/section><div class=\"fusion-additional-widget-content\"><\/div><\/div><div class=\"fusion-clearfix\"><\/div><\/div><\/div><div class=\"fusion-layout-column fusion_builder_column_inner fusion-builder-nested-column-3 fusion_builder_column_inner_1_2 1_2 fusion-one-half fusion-column-last realisations-sitemap\" style=\"width:50%;width:calc(50% - ( ( 4% ) * 0.5 ) );margin-top:0px;margin-bottom:0px;\"><div class=\"fusion-column-wrapper fusion-flex-column-wrapper-legacy\" style=\"background-position:left top;background-repeat:no-repeat;-webkit-background-size:cover;-moz-background-size:cover;-o-background-size:cover;background-size:cover;padding: 0px 0px 0px 0px;\"><div class=\"fusion-text fusion-text-4\" style=\"transform:translate3d(0,0,0);\"><h3 style=\"text-align: center;\">Works<\/h3>\n<\/div><div class=\"fusion-blog-shortcode fusion-blog-shortcode-2 fusion-blog-archive fusion-blog-layout-medium fusion-blog-pagination fusion-blog-no-images\"><div class=\"fusion-posts-container fusion-posts-container-pagination fusion-no-meta-info\" data-pages=\"2\"><article id=\"blog-2-post-2120\" class=\"fusion-post-medium post-2120 post type-post status-publish format-standard has-post-thumbnail hentry category-realisations-maitrise-oeuvre category-realisations\">\n<div class=\"fusion-post-content post-content\"><h2 class=\"blog-shortcode-post-title entry-title\"><a href=\"https:\/\/www.tridentservice.com\/en\/plateforme-de-traitement-des-dechets-verts-de-bailly-78\/\">Bailly green waste treatment platform (78)<\/a><\/h2><\/div><div class=\"fusion-clearfix\"><\/div><\/article>\n<article id=\"blog-2-post-2118\" class=\"fusion-post-medium post-2118 post type-post status-publish format-standard has-post-thumbnail hentry category-realisations-maitrise-oeuvre category-realisations tag-construction tag-recyclerie tag-travaux\">\n<div class=\"fusion-post-content post-content\"><h2 class=\"blog-shortcode-post-title entry-title\"><a href=\"https:\/\/www.tridentservice.com\/en\/recyclerie-dorly-val-de-marne-94\/\">Orly recycling center, Val de Marne (94)<\/a><\/h2><\/div><div class=\"fusion-clearfix\"><\/div><\/article>\n<article id=\"blog-2-post-2111\" class=\"fusion-post-medium post-2111 post type-post status-publish format-standard has-post-thumbnail hentry category-realisations-audits category-realisations tag-citeo tag-consignes-de-tri tag-dechets-menagers\">\n<div class=\"fusion-post-content post-content\"><h2 class=\"blog-shortcode-post-title entry-title\"><a href=\"https:\/\/www.tridentservice.com\/en\/audit-de-la-filiere-papiers-graphiques\/\">Audit of the graphic papers industry<\/a><\/h2><\/div><div class=\"fusion-clearfix\"><\/div><\/article>\n<article id=\"blog-2-post-2104\" class=\"fusion-post-medium post-2104 post type-post status-publish format-standard has-post-thumbnail hentry category-realisations-audits category-realisations tag-ademe tag-audit tag-dechetteries\">\n<div class=\"fusion-post-content post-content\"><h2 class=\"blog-shortcode-post-title entry-title\"><a href=\"https:\/\/www.tridentservice.com\/en\/parc-de-dechetteries-smieeom-val-de-cher-41\/\">SMIEEOM Val de Cher<\/a><\/h2><\/div><div class=\"fusion-clearfix\"><\/div><\/article>\n<article id=\"blog-2-post-980\" class=\"fusion-post-medium post-980 post type-post status-publish format-standard has-post-thumbnail hentry category-realisations-etudes-conseil-dechets category-realisations tag-maitrise-doeuvre\">\n<div class=\"fusion-post-content post-content\"><h2 class=\"blog-shortcode-post-title entry-title\"><a href=\"https:\/\/www.tridentservice.com\/en\/unitri-centre-tri-interdepartementale-maine-loire-deux-sevres\/\">UNITRI, soci\u00e9t\u00e9 publique locale interd\u00e9partementale<\/a><\/h2><\/div><div class=\"fusion-clearfix\"><\/div><\/article>\n<article id=\"blog-2-post-976\" class=\"fusion-post-medium post-976 post type-post status-publish format-standard has-post-thumbnail hentry category-realisations-etudes-conseil-dechets category-realisations\">\n<div class=\"fusion-post-content post-content\"><h2 class=\"blog-shortcode-post-title entry-title\"><a href=\"https:\/\/www.tridentservice.com\/en\/galerie-zer-dechets-nevers-58\/\">Z\u00e9ro d\u00e9chet Gallery, Nevers (58)<\/a><\/h2><\/div><div class=\"fusion-clearfix\"><\/div><\/article>\n<article id=\"blog-2-post-959\" class=\"fusion-post-medium post-959 post type-post status-publish format-standard has-post-thumbnail hentry category-realisations-etudes-conseil-dechets category-realisations tag-dechets tag-etudes tag-recyclerie tag-rived tag-tri\">\n<div class=\"fusion-post-content post-content\"><h2 class=\"blog-shortcode-post-title entry-title\"><a href=\"https:\/\/www.tridentservice.com\/en\/inventaire-national-centres-tri-ademe\/\">National inventory of recycling centers for ADEME<\/a><\/h2><\/div><div class=\"fusion-clearfix\"><\/div><\/article>\n<article id=\"blog-2-post-1030\" class=\"fusion-post-medium post-1030 post type-post status-publish format-standard has-post-thumbnail hentry category-realisations-maitrise-oeuvre category-realisations tag-maitrise-doeuvre\">\n<div class=\"fusion-post-content post-content\"><h2 class=\"blog-shortcode-post-title entry-title\"><a href=\"https:\/\/www.tridentservice.com\/en\/unite-methanisation-compostage-aspach-michelbach\/\">Aspach-Michelbach composting biogas plant<\/a><\/h2><\/div><div class=\"fusion-clearfix\"><\/div><\/article>\n<article id=\"blog-2-post-1032\" class=\"fusion-post-medium post-1032 post type-post status-publish format-standard has-post-thumbnail hentry category-realisations-audits category-realisations tag-audit tag-collecte tag-corepile tag-tri\">\n<div class=\"fusion-post-content post-content\"><h2 class=\"blog-shortcode-post-title entry-title\"><a href=\"https:\/\/www.tridentservice.com\/en\/corepile-eco-organisme-collecte-recyclage-piles-accumulateurs-portables\/\">Corepile, eco-organization for the collection and recycling of portable batteries and accumulators<\/a><\/h2><\/div><div class=\"fusion-clearfix\"><\/div><\/article>\n<article id=\"blog-2-post-1034\" class=\"fusion-post-medium post-1034 post type-post status-publish format-standard has-post-thumbnail hentry category-realisations-maitrise-oeuvre category-realisations tag-maitrise-doeuvre\">\n<div class=\"fusion-post-content post-content\"><h2 class=\"blog-shortcode-post-title entry-title\"><a href=\"https:\/\/www.tridentservice.com\/en\/eco-pole-cap-valo-35-suez-chartres-de-bretagne-35\/\">Eco-Pole CAP VALO 35 of Suez, Chartres-de-Bretagne (35)<\/a><\/h2><\/div><div class=\"fusion-clearfix\"><\/div><\/article>\n<\/div><div class=\"pagination clearfix\"><span class=\"current\">1<\/span><a href=\"https:\/\/www.tridentservice.com\/en\/wp-json\/wp\/v2\/pages\/652\/page\/2\/\" class=\"inactive\">2<\/a><a class=\"pagination-next\" rel=\"next\" href=\"https:\/\/www.tridentservice.com\/en\/wp-json\/wp\/v2\/pages\/652\/page\/2\/\"><span class=\"page-text\">Next<\/span><span class=\"page-next\"><\/span><\/a><\/div><div class=\"fusion-clearfix\"><\/div><\/div><div class=\"fusion-clearfix\"><\/div><\/div><\/div><\/div><div class=\"fusion-clearfix\"><\/div><\/div><\/div><\/div><\/div><\/p>","protected":false},"excerpt":{"rendered":"","protected":false},"author":1,"featured_media":0,"parent":0,"menu_order":0,"comment_status":"closed","ping_status":"closed","template":"","meta":[],"yoast_head":"<!-- This site is optimized with the Yoast SEO plugin v18.3 - https:\/\/yoast.com\/wordpress\/plugins\/seo\/ -->\n<title>Sitemap - Trident Service<\/title>\n<meta name=\"description\" content=\"Projets relatifs \u00e0 l\u2019optimisation de la gestion des d\u00e9chets | Collectivit\u00e9s et entreprises pour l\u2019environnement et dans une d\u00e9marche d\u2019\u00e9conomie circulaire.\" \/>\n<meta name=\"robots\" content=\"index, follow, max-snippet:-1, max-image-preview:large, max-video-preview:-1\" \/>\n<link rel=\"canonical\" href=\"https:\/\/www.tridentservice.com\/en\/plan-du-site\/\" \/>\n<meta property=\"og:locale\" content=\"en_US\" \/>\n<meta property=\"og:type\" content=\"article\" \/>\n<meta property=\"og:title\" content=\"[:fr]Plan du Site[:en]Sitemap[:] - Trident Service\" \/>\n<meta property=\"og:description\" content=\"Projets relatifs \u00e0 l\u2019optimisation de la gestion des d\u00e9chets | Collectivit\u00e9s et entreprises pour l\u2019environnement et dans une d\u00e9marche d\u2019\u00e9conomie circulaire.\" \/>\n<meta property=\"og:url\" content=\"https:\/\/www.tridentservice.com\/en\/plan-du-site\/\" \/>\n<meta property=\"og:site_name\" content=\"Trident Service\" \/>\n<meta property=\"article:modified_time\" content=\"2019-12-10T09:47:19+00:00\" \/>\n<meta name=\"twitter:card\" content=\"summary_large_image\" \/>\n<meta name=\"twitter:label1\" content=\"Est. reading time\" \/>\n\t<meta name=\"twitter:data1\" content=\"6 minutes\" \/>\n<script type=\"application\/ld+json\" class=\"yoast-schema-graph\">{\"@context\":\"https:\/\/schema.org\",\"@graph\":[{\"@type\":\"Organization\",\"@id\":\"https:\/\/www.tridentservice.com\/#organization\",\"name\":\"Trident Service\",\"url\":\"https:\/\/www.tridentservice.com\/\",\"sameAs\":[],\"logo\":{\"@type\":\"ImageObject\",\"@id\":\"https:\/\/www.tridentservice.com\/#logo\",\"inLanguage\":\"en-US\",\"url\":\"https:\/\/www.tridentservice.com\/wp-content\/uploads\/2019\/08\/logo-trident-service-png-1.png\",\"contentUrl\":\"https:\/\/www.tridentservice.com\/wp-content\/uploads\/2019\/08\/logo-trident-service-png-1.png\",\"width\":265,\"height\":80,\"caption\":\"Trident Service\"},\"image\":{\"@id\":\"https:\/\/www.tridentservice.com\/#logo\"}},{\"@type\":\"WebSite\",\"@id\":\"https:\/\/www.tridentservice.com\/#website\",\"url\":\"https:\/\/www.tridentservice.com\/\",\"name\":\"Trident Service\",\"description\":\"At the service of local authorities and businesses for the benefit of the environment\",\"publisher\":{\"@id\":\"https:\/\/www.tridentservice.com\/#organization\"},\"potentialAction\":[{\"@type\":\"SearchAction\",\"target\":{\"@type\":\"EntryPoint\",\"urlTemplate\":\"https:\/\/www.tridentservice.com\/?s={search_term_string}\"},\"query-input\":\"required name=search_term_string\"}],\"inLanguage\":\"en-US\"},{\"@type\":\"WebPage\",\"@id\":\"https:\/\/www.tridentservice.com\/en\/plan-du-site\/#webpage\",\"url\":\"https:\/\/www.tridentservice.com\/en\/plan-du-site\/\",\"name\":\"[:fr]Plan du Site[:en]Sitemap[:] - Trident Service\",\"isPartOf\":{\"@id\":\"https:\/\/www.tridentservice.com\/#website\"},\"datePublished\":\"2019-08-27T08:10:23+00:00\",\"dateModified\":\"2019-12-10T09:47:19+00:00\",\"description\":\"Projets relatifs \u00e0 l\u2019optimisation de la gestion des d\u00e9chets | Collectivit\u00e9s et entreprises pour l\u2019environnement et dans une d\u00e9marche d\u2019\u00e9conomie circulaire.\",\"breadcrumb\":{\"@id\":\"https:\/\/www.tridentservice.com\/en\/plan-du-site\/#breadcrumb\"},\"inLanguage\":\"en-US\",\"potentialAction\":[{\"@type\":\"ReadAction\",\"target\":[\"https:\/\/www.tridentservice.com\/en\/plan-du-site\/\"]}]},{\"@type\":\"BreadcrumbList\",\"@id\":\"https:\/\/www.tridentservice.com\/en\/plan-du-site\/#breadcrumb\",\"itemListElement\":[{\"@type\":\"ListItem\",\"position\":1,\"name\":\"Accueil\",\"item\":\"https:\/\/www.tridentservice.com\/\"},{\"@type\":\"ListItem\",\"position\":2,\"name\":\"Sitemap\"}]}]}<\/script>\n<!-- \/ Yoast SEO plugin. -->","yoast_head_json":{"title":"[:fr]Plan du Site[:en]Sitemap[:] - Trident Service","description":"Projets relatifs \u00e0 l\u2019optimisation de la gestion des d\u00e9chets | Collectivit\u00e9s et entreprises pour l\u2019environnement et dans une d\u00e9marche d\u2019\u00e9conomie circulaire.","robots":{"index":"index","follow":"follow","max-snippet":"max-snippet:-1","max-image-preview":"max-image-preview:large","max-video-preview":"max-video-preview:-1"},"canonical":"https:\/\/www.tridentservice.com\/en\/plan-du-site\/","og_locale":"en_US","og_type":"article","og_title":"[:fr]Plan du Site[:en]Sitemap[:] - Trident Service","og_description":"Projets relatifs \u00e0 l\u2019optimisation de la gestion des d\u00e9chets | Collectivit\u00e9s et entreprises pour l\u2019environnement et dans une d\u00e9marche d\u2019\u00e9conomie circulaire.","og_url":"https:\/\/www.tridentservice.com\/en\/plan-du-site\/","og_site_name":"Trident Service","article_modified_time":"2019-12-10T09:47:19+00:00","twitter_card":"summary_large_image","twitter_misc":{"Est. reading time":"6 minutes"},"schema":{"@context":"https:\/\/schema.org","@graph":[{"@type":"Organization","@id":"https:\/\/www.tridentservice.com\/#organization","name":"Trident Service","url":"https:\/\/www.tridentservice.com\/","sameAs":[],"logo":{"@type":"ImageObject","@id":"https:\/\/www.tridentservice.com\/#logo","inLanguage":"en-US","url":"https:\/\/www.tridentservice.com\/wp-content\/uploads\/2019\/08\/logo-trident-service-png-1.png","contentUrl":"https:\/\/www.tridentservice.com\/wp-content\/uploads\/2019\/08\/logo-trident-service-png-1.png","width":265,"height":80,"caption":"Trident Service"},"image":{"@id":"https:\/\/www.tridentservice.com\/#logo"}},{"@type":"WebSite","@id":"https:\/\/www.tridentservice.com\/#website","url":"https:\/\/www.tridentservice.com\/","name":"Trident Service","description":"At the service of local authorities and businesses for the benefit of the environment","publisher":{"@id":"https:\/\/www.tridentservice.com\/#organization"},"potentialAction":[{"@type":"SearchAction","target":{"@type":"EntryPoint","urlTemplate":"https:\/\/www.tridentservice.com\/?s={search_term_string}"},"query-input":"required name=search_term_string"}],"inLanguage":"en-US"},{"@type":"WebPage","@id":"https:\/\/www.tridentservice.com\/en\/plan-du-site\/#webpage","url":"https:\/\/www.tridentservice.com\/en\/plan-du-site\/","name":"[:fr]Plan du Site[:en]Sitemap[:] - Trident Service","isPartOf":{"@id":"https:\/\/www.tridentservice.com\/#website"},"datePublished":"2019-08-27T08:10:23+00:00","dateModified":"2019-12-10T09:47:19+00:00","description":"Projets relatifs \u00e0 l\u2019optimisation de la gestion des d\u00e9chets | Collectivit\u00e9s et entreprises pour l\u2019environnement et dans une d\u00e9marche d\u2019\u00e9conomie circulaire.","breadcrumb":{"@id":"https:\/\/www.tridentservice.com\/en\/plan-du-site\/#breadcrumb"},"inLanguage":"en-US","potentialAction":[{"@type":"ReadAction","target":["https:\/\/www.tridentservice.com\/en\/plan-du-site\/"]}]},{"@type":"BreadcrumbList","@id":"https:\/\/www.tridentservice.com\/en\/plan-du-site\/#breadcrumb","itemListElement":[{"@type":"ListItem","position":1,"name":"Accueil","item":"https:\/\/www.tridentservice.com\/"},{"@type":"ListItem","position":2,"name":"Sitemap"}]}]}},"_links":{"self":[{"href":"https:\/\/www.tridentservice.com\/en\/wp-json\/wp\/v2\/pages\/652"}],"collection":[{"href":"https:\/\/www.tridentservice.com\/en\/wp-json\/wp\/v2\/pages"}],"about":[{"href":"https:\/\/www.tridentservice.com\/en\/wp-json\/wp\/v2\/types\/page"}],"author":[{"embeddable":true,"href":"https:\/\/www.tridentservice.com\/en\/wp-json\/wp\/v2\/users\/1"}],"replies":[{"embeddable":true,"href":"https:\/\/www.tridentservice.com\/en\/wp-json\/wp\/v2\/comments?post=652"}],"version-history":[{"count":12,"href":"https:\/\/www.tridentservice.com\/en\/wp-json\/wp\/v2\/pages\/652\/revisions"}],"predecessor-version":[{"id":2180,"href":"https:\/\/www.tridentservice.com\/en\/wp-json\/wp\/v2\/pages\/652\/revisions\/2180"}],"wp:attachment":[{"href":"https:\/\/www.tridentservice.com\/en\/wp-json\/wp\/v2\/media?parent=652"}],"curies":[{"name":"wp","href":"https:\/\/api.w.org\/{rel}","templated":true}]}}