{"id":1287,"date":"2019-09-19T09:19:51","date_gmt":"2019-09-19T07:19:51","guid":{"rendered":"http:\/\/www.tridentservice.com\/?page_id=1287"},"modified":"2019-11-20T09:47:47","modified_gmt":"2019-11-20T08:47:47","slug":"assistance-maitrise-ouvrage-schemas-cooperation-collectivites","status":"publish","type":"page","link":"https:\/\/www.tridentservice.com\/en\/etudes-conseil\/assistance-maitrise-ouvrage-schemas-cooperation-collectivites\/","title":{"rendered":"(Fran\u00e7ais) Assistance \u00e0 Ma\u00eetrise d&#8217;ouvrage (AMO) pour la mise en \u0153uvre de sch\u00e9mas de coop\u00e9ration entre collectivit\u00e9s"},"content":{"rendered":"<p class=\"qtranxs-available-languages-message qtranxs-available-languages-message-en\">Sorry, this entry is only available in <a href=\"https:\/\/www.tridentservice.com\/fr\/wp-json\/wp\/v2\/pages\/1287\" class=\"qtranxs-available-language-link qtranxs-available-language-link-fr\" title=\"Fran\u00e7ais\">French<\/a>.<\/p>","protected":false},"excerpt":{"rendered":"","protected":false},"author":1,"featured_media":0,"parent":634,"menu_order":8,"comment_status":"closed","ping_status":"closed","template":"","meta":[],"yoast_head":"<!-- This site is optimized with the Yoast SEO plugin v18.3 - https:\/\/yoast.com\/wordpress\/plugins\/seo\/ -->\n<title><\/title>\n<meta name=\"description\" content=\"Projets relatifs \u00e0 l\u2019optimisation de la gestion des d\u00e9chets | Collectivit\u00e9s et entreprises pour l\u2019environnement et dans une d\u00e9marche d\u2019\u00e9conomie circulaire.\" \/>\n<meta name=\"robots\" content=\"index, follow, max-snippet:-1, max-image-preview:large, max-video-preview:-1\" \/>\n<link rel=\"canonical\" href=\"https:\/\/www.tridentservice.com\/etudes-conseil\/assistance-maitrise-ouvrage-schemas-cooperation-collectivites\/\" \/>\n<meta property=\"og:locale\" content=\"en_US\" \/>\n<meta property=\"og:type\" content=\"article\" \/>\n<meta property=\"og:title\" content=\"[:fr]Assistance \u00e0 Ma\u00eetrise d&#039;ouvrage (AMO) pour la mise en \u0153uvre de sch\u00e9mas de coop\u00e9ration entre collectivit\u00e9s[:] - Trident Service\" \/>\n<meta property=\"og:description\" content=\"Projets relatifs \u00e0 l\u2019optimisation de la gestion des d\u00e9chets | Collectivit\u00e9s et entreprises pour l\u2019environnement et dans une d\u00e9marche d\u2019\u00e9conomie circulaire.\" \/>\n<meta property=\"og:url\" content=\"https:\/\/www.tridentservice.com\/etudes-conseil\/assistance-maitrise-ouvrage-schemas-cooperation-collectivites\/\" \/>\n<meta property=\"og:site_name\" content=\"Trident Service\" \/>\n<meta property=\"article:modified_time\" content=\"2019-11-20T08:47:47+00:00\" \/>\n<meta name=\"twitter:card\" content=\"summary_large_image\" \/>\n<meta name=\"twitter:label1\" content=\"Est. reading time\" \/>\n\t<meta name=\"twitter:data1\" content=\"8 minutes\" \/>\n<script type=\"application\/ld+json\" class=\"yoast-schema-graph\">{\"@context\":\"https:\/\/schema.org\",\"@graph\":[{\"@type\":\"Organization\",\"@id\":\"https:\/\/www.tridentservice.com\/#organization\",\"name\":\"Trident Service\",\"url\":\"https:\/\/www.tridentservice.com\/\",\"sameAs\":[],\"logo\":{\"@type\":\"ImageObject\",\"@id\":\"https:\/\/www.tridentservice.com\/#logo\",\"inLanguage\":\"en-US\",\"url\":\"https:\/\/www.tridentservice.com\/wp-content\/uploads\/2019\/08\/logo-trident-service-png-1.png\",\"contentUrl\":\"https:\/\/www.tridentservice.com\/wp-content\/uploads\/2019\/08\/logo-trident-service-png-1.png\",\"width\":265,\"height\":80,\"caption\":\"Trident Service\"},\"image\":{\"@id\":\"https:\/\/www.tridentservice.com\/#logo\"}},{\"@type\":\"WebSite\",\"@id\":\"https:\/\/www.tridentservice.com\/#website\",\"url\":\"https:\/\/www.tridentservice.com\/\",\"name\":\"Trident Service\",\"description\":\"At the service of local authorities and businesses for the benefit of the environment\",\"publisher\":{\"@id\":\"https:\/\/www.tridentservice.com\/#organization\"},\"potentialAction\":[{\"@type\":\"SearchAction\",\"target\":{\"@type\":\"EntryPoint\",\"urlTemplate\":\"https:\/\/www.tridentservice.com\/?s={search_term_string}\"},\"query-input\":\"required name=search_term_string\"}],\"inLanguage\":\"en-US\"},{\"@type\":\"WebPage\",\"@id\":\"https:\/\/www.tridentservice.com\/etudes-conseil\/assistance-maitrise-ouvrage-schemas-cooperation-collectivites\/#webpage\",\"url\":\"https:\/\/www.tridentservice.com\/etudes-conseil\/assistance-maitrise-ouvrage-schemas-cooperation-collectivites\/\",\"name\":\"[:fr]Assistance \u00e0 Ma\u00eetrise d'ouvrage (AMO) pour la mise en \u0153uvre de sch\u00e9mas de coop\u00e9ration entre collectivit\u00e9s[:] - Trident Service\",\"isPartOf\":{\"@id\":\"https:\/\/www.tridentservice.com\/#website\"},\"datePublished\":\"2019-09-19T07:19:51+00:00\",\"dateModified\":\"2019-11-20T08:47:47+00:00\",\"description\":\"Projets relatifs \u00e0 l\u2019optimisation de la gestion des d\u00e9chets | Collectivit\u00e9s et entreprises pour l\u2019environnement et dans une d\u00e9marche d\u2019\u00e9conomie circulaire.\",\"breadcrumb\":{\"@id\":\"https:\/\/www.tridentservice.com\/etudes-conseil\/assistance-maitrise-ouvrage-schemas-cooperation-collectivites\/#breadcrumb\"},\"inLanguage\":\"en-US\",\"potentialAction\":[{\"@type\":\"ReadAction\",\"target\":[\"https:\/\/www.tridentservice.com\/etudes-conseil\/assistance-maitrise-ouvrage-schemas-cooperation-collectivites\/\"]}]},{\"@type\":\"BreadcrumbList\",\"@id\":\"https:\/\/www.tridentservice.com\/etudes-conseil\/assistance-maitrise-ouvrage-schemas-cooperation-collectivites\/#breadcrumb\",\"itemListElement\":[{\"@type\":\"ListItem\",\"position\":1,\"name\":\"Accueil\",\"item\":\"https:\/\/www.tridentservice.com\/\"},{\"@type\":\"ListItem\",\"position\":2,\"name\":\"\u00c9tudes &#038; Conseil\",\"item\":\"https:\/\/www.tridentservice.com\/etudes-conseil\/\"},{\"@type\":\"ListItem\",\"position\":3,\"name\":\"Assistance \u00e0 Ma\u00eetrise d&rsquo;ouvrage (AMO) pour la mise en \u0153uvre de sch\u00e9mas de coop\u00e9ration entre collectivit\u00e9s\"}]}]}<\/script>\n<!-- \/ Yoast SEO plugin. -->","yoast_head_json":{"title":"[:fr]Assistance \u00e0 Ma\u00eetrise d'ouvrage (AMO) pour la mise en \u0153uvre de sch\u00e9mas de coop\u00e9ration entre collectivit\u00e9s[:] - Trident Service","description":"Projets relatifs \u00e0 l\u2019optimisation de la gestion des d\u00e9chets | Collectivit\u00e9s et entreprises pour l\u2019environnement et dans une d\u00e9marche d\u2019\u00e9conomie circulaire.","robots":{"index":"index","follow":"follow","max-snippet":"max-snippet:-1","max-image-preview":"max-image-preview:large","max-video-preview":"max-video-preview:-1"},"canonical":"https:\/\/www.tridentservice.com\/etudes-conseil\/assistance-maitrise-ouvrage-schemas-cooperation-collectivites\/","og_locale":"en_US","og_type":"article","og_title":"[:fr]Assistance \u00e0 Ma\u00eetrise d'ouvrage (AMO) pour la mise en \u0153uvre de sch\u00e9mas de coop\u00e9ration entre collectivit\u00e9s[:] - Trident Service","og_description":"Projets relatifs \u00e0 l\u2019optimisation de la gestion des d\u00e9chets | Collectivit\u00e9s et entreprises pour l\u2019environnement et dans une d\u00e9marche d\u2019\u00e9conomie circulaire.","og_url":"https:\/\/www.tridentservice.com\/etudes-conseil\/assistance-maitrise-ouvrage-schemas-cooperation-collectivites\/","og_site_name":"Trident Service","article_modified_time":"2019-11-20T08:47:47+00:00","twitter_card":"summary_large_image","twitter_misc":{"Est. reading time":"8 minutes"},"schema":{"@context":"https:\/\/schema.org","@graph":[{"@type":"Organization","@id":"https:\/\/www.tridentservice.com\/#organization","name":"Trident Service","url":"https:\/\/www.tridentservice.com\/","sameAs":[],"logo":{"@type":"ImageObject","@id":"https:\/\/www.tridentservice.com\/#logo","inLanguage":"en-US","url":"https:\/\/www.tridentservice.com\/wp-content\/uploads\/2019\/08\/logo-trident-service-png-1.png","contentUrl":"https:\/\/www.tridentservice.com\/wp-content\/uploads\/2019\/08\/logo-trident-service-png-1.png","width":265,"height":80,"caption":"Trident Service"},"image":{"@id":"https:\/\/www.tridentservice.com\/#logo"}},{"@type":"WebSite","@id":"https:\/\/www.tridentservice.com\/#website","url":"https:\/\/www.tridentservice.com\/","name":"Trident Service","description":"At the service of local authorities and businesses for the benefit of the environment","publisher":{"@id":"https:\/\/www.tridentservice.com\/#organization"},"potentialAction":[{"@type":"SearchAction","target":{"@type":"EntryPoint","urlTemplate":"https:\/\/www.tridentservice.com\/?s={search_term_string}"},"query-input":"required name=search_term_string"}],"inLanguage":"en-US"},{"@type":"WebPage","@id":"https:\/\/www.tridentservice.com\/etudes-conseil\/assistance-maitrise-ouvrage-schemas-cooperation-collectivites\/#webpage","url":"https:\/\/www.tridentservice.com\/etudes-conseil\/assistance-maitrise-ouvrage-schemas-cooperation-collectivites\/","name":"[:fr]Assistance \u00e0 Ma\u00eetrise d'ouvrage (AMO) pour la mise en \u0153uvre de sch\u00e9mas de coop\u00e9ration entre collectivit\u00e9s[:] - Trident Service","isPartOf":{"@id":"https:\/\/www.tridentservice.com\/#website"},"datePublished":"2019-09-19T07:19:51+00:00","dateModified":"2019-11-20T08:47:47+00:00","description":"Projets relatifs \u00e0 l\u2019optimisation de la gestion des d\u00e9chets | Collectivit\u00e9s et entreprises pour l\u2019environnement et dans une d\u00e9marche d\u2019\u00e9conomie circulaire.","breadcrumb":{"@id":"https:\/\/www.tridentservice.com\/etudes-conseil\/assistance-maitrise-ouvrage-schemas-cooperation-collectivites\/#breadcrumb"},"inLanguage":"en-US","potentialAction":[{"@type":"ReadAction","target":["https:\/\/www.tridentservice.com\/etudes-conseil\/assistance-maitrise-ouvrage-schemas-cooperation-collectivites\/"]}]},{"@type":"BreadcrumbList","@id":"https:\/\/www.tridentservice.com\/etudes-conseil\/assistance-maitrise-ouvrage-schemas-cooperation-collectivites\/#breadcrumb","itemListElement":[{"@type":"ListItem","position":1,"name":"Accueil","item":"https:\/\/www.tridentservice.com\/"},{"@type":"ListItem","position":2,"name":"\u00c9tudes &#038; Conseil","item":"https:\/\/www.tridentservice.com\/etudes-conseil\/"},{"@type":"ListItem","position":3,"name":"Assistance \u00e0 Ma\u00eetrise d&rsquo;ouvrage (AMO) pour la mise en \u0153uvre de sch\u00e9mas de coop\u00e9ration entre collectivit\u00e9s"}]}]}},"_links":{"self":[{"href":"https:\/\/www.tridentservice.com\/en\/wp-json\/wp\/v2\/pages\/1287"}],"collection":[{"href":"https:\/\/www.tridentservice.com\/en\/wp-json\/wp\/v2\/pages"}],"about":[{"href":"https:\/\/www.tridentservice.com\/en\/wp-json\/wp\/v2\/types\/page"}],"author":[{"embeddable":true,"href":"https:\/\/www.tridentservice.com\/en\/wp-json\/wp\/v2\/users\/1"}],"replies":[{"embeddable":true,"href":"https:\/\/www.tridentservice.com\/en\/wp-json\/wp\/v2\/comments?post=1287"}],"version-history":[{"count":10,"href":"https:\/\/www.tridentservice.com\/en\/wp-json\/wp\/v2\/pages\/1287\/revisions"}],"predecessor-version":[{"id":1991,"href":"https:\/\/www.tridentservice.com\/en\/wp-json\/wp\/v2\/pages\/1287\/revisions\/1991"}],"up":[{"embeddable":true,"href":"https:\/\/www.tridentservice.com\/en\/wp-json\/wp\/v2\/pages\/634"}],"wp:attachment":[{"href":"https:\/\/www.tridentservice.com\/en\/wp-json\/wp\/v2\/media?parent=1287"}],"curies":[{"name":"wp","href":"https:\/\/api.w.org\/{rel}","templated":true}]}}